{"id":66,"date":"2022-07-23T09:24:46","date_gmt":"2022-07-23T09:24:46","guid":{"rendered":"https:\/\/demo.cmssuperheroes.com\/themeforest\/charg\/?page_id=66"},"modified":"2024-08-12T20:11:14","modified_gmt":"2024-08-12T20:11:14","slug":"blog","status":"publish","type":"page","link":"https:\/\/d-rectcharge.com\/en\/blog\/","title":{"rendered":"Blogs"},"content":{"rendered":"\t\t<div data-elementor-type=\"wp-page\" data-elementor-id=\"66\" class=\"elementor elementor-66\">\n\t\t\t\t        <div class=\"elementor-section elementor-top-section elementor-element elementor-element-dfa5fd6 p-tb-40 pt-lg-110 pb-lg-90 elementor-section-boxed elementor-section-height-default elementor-section-height-default cms-remove-container-max-width-no cms-remove-row-no cms-boxed-bg-false cms-section-boxed-divider-false cms-overlay-gradient-bg-yes cms-overlay-gradient-mode-tb\" data-id=\"dfa5fd6\" data-element_type=\"section\">\r\n\t\t<div class=\"cms-overlay-gradient\"><\/div><div class=\"cms-section-boxed-bg\"><\/div><div class=\"cms-section-boxed-divider\"><\/div><div class=\"cms-elementor-section-remove\"><\/div><div class=\"cms-elementor-section-corner cms-elementor-section-corner-top\"><\/div><div class=\"cms-elementor-section-corner cms-elementor-section-corner-bottom\"><\/div>        <div class=\"elementor-container elementor-column-gap-default \" >\r\n\t\t        <div class=\"elementor-column elementor-col-100 elementor-top-column elementor-element elementor-element-16224d0\" data-id=\"16224d0\" data-element_type=\"column\">\r\n            <div class=\"elementor-widget-wrap elementor-element-populated\">\r\n                \t\t<div class=\"elementor-element elementor-element-aef124c hide-author blog-text-justify elementor-widget elementor-widget-cms_post_grid\" data-id=\"aef124c\" data-element_type=\"widget\" data-widget_type=\"cms_post_grid.default\">\n\t\t\t\t<div class=\"elementor-widget-container\">\n\t\t\t<div id=\"cms_post_grid-aef124c\" class=\"cms-grid cms-post-layout-1\" data-layoutmode=\"fitRows\" data-layout=\"masonry\" data-start-page=\"1\" data-max-pages=\"2\" data-total=\"4\" data-perpage=\"3\" data-next-link=\"https:\/\/d-rectcharge.com\/en\/wp-json\/wp\/v2\/pages\/66\/page\/2\/\">\r\n        <div class=\"cms-grid-inner cms-grid-masonry row relative\" data-layout=\"fitRows\" style=\"margin:-20px\">\r\n        <div class=\"cms-grid-sizer\"><\/div>\r\n                    <div class=\"cms-grid-item col-xl-4 col-lg-4 col-md-6 col-sm-12 item-1 last-sm\" style=\"padding:20px;\">\n                                    <div class=\"cms-item-content bg-white cms-shadow-4 cms-radius-tr-32 cms-transition relative overflow-hidden\">\n                        <div class=\"p-tb-40 p-lr-20 p-lr-lg-40\">\n                                        <div class=\"cms-post-meta text-14 mt-n5\">\n                <div class=\"cms-post-meta-inner row align-items-center gutters-20\">\n                            <span class=\"cms-post-author col-auto\">\n            <span class=\"meta-inner\">\n                                <a href=\"https:\/\/d-rectcharge.com\/en\/author\/ycadmin\/\" title=\"ycadmin\" class=\"cms-post--author link-accent link-hover-primary\">ycadmin<\/a>\n            <\/span>\n        <\/span>\n                    <\/div>\n            <\/div>\n                                    <h2 class=\"cms-item-content-title cms-heading text-20 lh-1\/45 font-600 pt-5 mb-n7\">\n                                <a href=\"https:\/\/d-rectcharge.com\/en\/turkiyedeki-elektrikli-sarj-istasyonlari-haritasi-ac-ve-dc-sarj-istasyonlari-hakkinda-bilmeniz-gereken-her-sey\/\">T\u00fcrkiye&#8217;deki Elektrikli \u015earj \u0130stasyonlar\u0131 Haritas\u0131: AC ve DC \u015earj \u0130stasyonlar\u0131 Hakk\u0131nda Bilmeniz Gereken Her \u015eey<\/a>\n                            <\/h2>\n                        <\/div>\n                            <div class=\"cms-featured cms-post-standard relative cms-media pr-20 pr-lg-40 z-top\">            <div data-trp-post-id-removed=\"true\" class=\"post-image cms-post-image cms-radius-r-16\">\n                <a title=\"6488Blog\" rel=\"nofollow\" class=\"d-block\" href=\"https:\/\/d-rectcharge.com\/en\/turkiyedeki-elektrikli-sarj-istasyonlari-haritasi-ac-ve-dc-sarj-istasyonlari-hakkinda-bilmeniz-gereken-her-sey\/\"><img fetchpriority=\"high\" class=\"w-100 cms-radius-r-16 cms-lazy lazy-loading cms-img\" data-src=\"https:\/\/d-rectcharge.com\/wp-content\/smush-webp\/2024\/04\/AdobeStock_566103627-840x562.png.webp\" width=\"840\" height=\"562\" alt=\"\" \/><\/a>            <\/div>\n                <span class=\"cms-post-cat absolute cms-abs-l-40 cms-abs-b-0 text-13 text-white bg-accent cms-radius-4 cms-radius-bl-0 lh-40 p-lr-15 mb-n20 z-top\">\n            <span class=\"meta-inner\">\n                <a href=\"https:\/\/d-rectcharge.com\/en\/category\/elektrikli-araclar\/\" class=\"cms-term link-white link-hover-primary\">Elektrikli Ara\u00e7lar<\/a>, <a href=\"https:\/\/d-rectcharge.com\/en\/category\/market\/\" class=\"cms-term link-white link-hover-primary\">Market<\/a>, <a href=\"https:\/\/d-rectcharge.com\/en\/category\/surdurulebilirlik\/\" class=\"cms-term link-white link-hover-primary\">S\u00fcrd\u00fcr\u00fclebilirlik<\/a>            <\/span>\n        <\/span>\n    <\/div>\n                            <div class=\"row gutters-15 align-items-center empty-none p-20 p-lr-lg-40\"><\/div>\n                        <div class=\"cms-item-content-inner pt-45 pb-40 p-lr-20 p-lr-lg-40\">\n                                                        <div class=\"cms-item-content-excerpt empty-none\">    <div class=\"cms-post-excerpt\">\n        Elektrikli ara\u00e7lar (EV'ler) d\u00fcnya genelinde h\u0131zla pop\u00fclerlik kazan\u0131yor ve T\u00fcrkiye de bu trendin bir par\u00e7as\u0131. S\u00fcrd\u00fcr\u00fclebilir ula\u015f\u0131m \u00e7\u00f6z\u00fcmlerine olan ihtiya\u00e7...    <\/div>\n    <\/div>\n                                                            <div class=\"cms-btn-wraps cms-post-item-readmore cms-transition pt-30 mt-20\">\n                                    <a href=\"https:\/\/d-rectcharge.com\/en\/turkiyedeki-elektrikli-sarj-istasyonlari-haritasi-ac-ve-dc-sarj-istasyonlari-hakkinda-bilmeniz-gereken-her-sey\/\" class=\"cms-readmore btn btn-sm btn-outline btn-grey text-primary btn-hover-fill btn-hover-primary text-hover-white w-100\">\n                                        <span class=\"cms-btn-content justify-content-center\">\n                                            <span class=\"cms-btn-text\">Devam\u0131n\u0131 Oku<\/span>\n                                            <span class=\"cms-btn-icon\"><span class=\"cmsi-arrow-circle-right text-22\"><\/span><\/span>\n                                        <\/span>\n                                    <\/a>\n                                <\/div>\n                                                    <\/div>\n                    <\/div>\n                            <\/div>\n                    <div class=\"cms-grid-item col-xl-4 col-lg-4 col-md-6 col-sm-12 item-2 last-md last-sm\" style=\"padding:20px;\">\n                                    <div class=\"cms-item-content bg-white cms-shadow-4 cms-radius-tr-32 cms-transition relative overflow-hidden\">\n                        <div class=\"p-tb-40 p-lr-20 p-lr-lg-40\">\n                                        <div class=\"cms-post-meta text-14 mt-n5\">\n                <div class=\"cms-post-meta-inner row align-items-center gutters-20\">\n                            <span class=\"cms-post-author col-auto\">\n            <span class=\"meta-inner\">\n                                <a href=\"https:\/\/d-rectcharge.com\/en\/author\/zaferkilic\/\" title=\"zaferkilic\" class=\"cms-post--author link-accent link-hover-primary\">zaferkilic<\/a>\n            <\/span>\n        <\/span>\n                    <\/div>\n            <\/div>\n                                    <h2 class=\"cms-item-content-title cms-heading text-20 lh-1\/45 font-600 pt-5 mb-n7\">\n                                <a href=\"https:\/\/d-rectcharge.com\/en\/elektrikli-araclar-icin-sarj-istasyonlari-ac-ve-dc-sarjlarinin-farki\/\">Elektrikli Ara\u00e7lar \u0130\u00e7in \u015earj \u0130stasyonlar\u0131: AC ve DC \u015earjlar\u0131n\u0131n Fark\u0131<\/a>\n                            <\/h2>\n                        <\/div>\n                            <div class=\"cms-featured cms-post-standard relative cms-media pr-20 pr-lg-40 z-top\">            <div data-trp-post-id-removed=\"true\" class=\"post-image cms-post-image cms-radius-r-16\">\n                <a title=\"5228Blog\" rel=\"nofollow\" class=\"d-block\" href=\"https:\/\/d-rectcharge.com\/en\/elektrikli-araclar-icin-sarj-istasyonlari-ac-ve-dc-sarjlarinin-farki\/\"><img class=\"w-100 cms-radius-r-16 cms-lazy lazy-loading cms-img\" data-src=\"https:\/\/d-rectcharge.com\/wp-content\/smush-webp\/2024\/04\/6V9A8364-840x562.jpg.webp\" width=\"840\" height=\"562\" alt=\"\" \/><\/a>            <\/div>\n                <span class=\"cms-post-cat absolute cms-abs-l-40 cms-abs-b-0 text-13 text-white bg-accent cms-radius-4 cms-radius-bl-0 lh-40 p-lr-15 mb-n20 z-top\">\n            <span class=\"meta-inner\">\n                <a href=\"https:\/\/d-rectcharge.com\/en\/category\/elektrikli-araclar\/\" class=\"cms-term link-white link-hover-primary\">Elektrikli Ara\u00e7lar<\/a>, <a href=\"https:\/\/d-rectcharge.com\/en\/category\/market\/\" class=\"cms-term link-white link-hover-primary\">Market<\/a>, <a href=\"https:\/\/d-rectcharge.com\/en\/category\/surdurulebilirlik\/\" class=\"cms-term link-white link-hover-primary\">S\u00fcrd\u00fcr\u00fclebilirlik<\/a>            <\/span>\n        <\/span>\n    <\/div>\n                            <div class=\"row gutters-15 align-items-center empty-none p-20 p-lr-lg-40\"><\/div>\n                        <div class=\"cms-item-content-inner pt-45 pb-40 p-lr-20 p-lr-lg-40\">\n                                                        <div class=\"cms-item-content-excerpt empty-none\">    <div class=\"cms-post-excerpt\">\n        Elektrikli ara\u00e7lar\u0131n yayg\u0131nla\u015fmas\u0131yla birlikte, \u015farj altyap\u0131s\u0131 da h\u0131zla geli\u015fmektedir. Ancak, bir\u00e7ok kullan\u0131c\u0131 i\u00e7in AC ve DC \u015farjlar\u0131 aras\u0131ndaki fark belir...    <\/div>\n    <\/div>\n                                                            <div class=\"cms-btn-wraps cms-post-item-readmore cms-transition pt-30 mt-20\">\n                                    <a href=\"https:\/\/d-rectcharge.com\/en\/elektrikli-araclar-icin-sarj-istasyonlari-ac-ve-dc-sarjlarinin-farki\/\" class=\"cms-readmore btn btn-sm btn-outline btn-grey text-primary btn-hover-fill btn-hover-primary text-hover-white w-100\">\n                                        <span class=\"cms-btn-content justify-content-center\">\n                                            <span class=\"cms-btn-text\">Devam\u0131n\u0131 Oku<\/span>\n                                            <span class=\"cms-btn-icon\"><span class=\"cmsi-arrow-circle-right text-22\"><\/span><\/span>\n                                        <\/span>\n                                    <\/a>\n                                <\/div>\n                                                    <\/div>\n                    <\/div>\n                            <\/div>\n                    <div class=\"cms-grid-item col-xl-4 col-lg-4 col-md-6 col-sm-12 item-3 last-xl last-lg last-sm last\" style=\"padding:20px;\">\n                                    <div class=\"cms-item-content bg-white cms-shadow-4 cms-radius-tr-32 cms-transition relative overflow-hidden\">\n                        <div class=\"p-tb-40 p-lr-20 p-lr-lg-40\">\n                                        <div class=\"cms-post-meta text-14 mt-n5\">\n                <div class=\"cms-post-meta-inner row align-items-center gutters-20\">\n                            <span class=\"cms-post-author col-auto\">\n            <span class=\"meta-inner\">\n                                <a href=\"https:\/\/d-rectcharge.com\/en\/author\/ycadmin\/\" title=\"ycadmin\" class=\"cms-post--author link-accent link-hover-primary\">ycadmin<\/a>\n            <\/span>\n        <\/span>\n                    <\/div>\n            <\/div>\n                                    <h2 class=\"cms-item-content-title cms-heading text-20 lh-1\/45 font-600 pt-5 mb-n7\">\n                                <a href=\"https:\/\/d-rectcharge.com\/en\/elektrikli-araclarin-yukselisi-ve-cevre-dostu-bir-gelecek-elektrikli-sarj-istasyonlarinin-onemi\/\">Elektrikli Ara\u00e7lar\u0131n Y\u00fckseli\u015fi ve \u00c7evre Dostu Bir Gelecek: Elektrikli \u015earj \u0130stasyonlar\u0131n\u0131n \u00d6nemi<\/a>\n                            <\/h2>\n                        <\/div>\n                            <div class=\"cms-featured cms-post-standard relative cms-media pr-20 pr-lg-40 z-top\">            <div data-trp-post-id-removed=\"true\" class=\"post-image cms-post-image cms-radius-r-16\">\n                <a title=\"97Blog\" rel=\"nofollow\" class=\"d-block\" href=\"https:\/\/d-rectcharge.com\/en\/elektrikli-araclarin-yukselisi-ve-cevre-dostu-bir-gelecek-elektrikli-sarj-istasyonlarinin-onemi\/\"><img class=\"w-100 cms-radius-r-16 cms-lazy lazy-loading cms-img\" data-src=\"https:\/\/d-rectcharge.com\/wp-content\/smush-webp\/blog-6-840x562.jpg.webp\" width=\"840\" height=\"562\" alt=\"\" \/><\/a>            <\/div>\n                <span class=\"cms-post-cat absolute cms-abs-l-40 cms-abs-b-0 text-13 text-white bg-accent cms-radius-4 cms-radius-bl-0 lh-40 p-lr-15 mb-n20 z-top\">\n            <span class=\"meta-inner\">\n                <a href=\"https:\/\/d-rectcharge.com\/en\/category\/elektrikli-araclar\/\" class=\"cms-term link-white link-hover-primary\">Elektrikli Ara\u00e7lar<\/a>, <a href=\"https:\/\/d-rectcharge.com\/en\/category\/surdurulebilirlik\/\" class=\"cms-term link-white link-hover-primary\">S\u00fcrd\u00fcr\u00fclebilirlik<\/a>            <\/span>\n        <\/span>\n    <\/div>\n                            <div class=\"row gutters-15 align-items-center empty-none p-20 p-lr-lg-40\"><\/div>\n                        <div class=\"cms-item-content-inner pt-45 pb-40 p-lr-20 p-lr-lg-40\">\n                                                        <div class=\"cms-item-content-excerpt empty-none\">    <div class=\"cms-post-excerpt\">\n        G\u00fcn\u00fcm\u00fczde, \u00e7evre bilinci giderek \u00f6nem kazan\u0131rken, elektrikli ara\u00e7lar \u00e7evre dostu bir alternatif olarak \u00f6ne \u00e7\u0131k\u0131yor. Bu geli\u015fim, elektrikli ara\u00e7lar\u0131n s\u00fcr\u00fc\u015f...    <\/div>\n    <\/div>\n                                                            <div class=\"cms-btn-wraps cms-post-item-readmore cms-transition pt-30 mt-20\">\n                                    <a href=\"https:\/\/d-rectcharge.com\/en\/elektrikli-araclarin-yukselisi-ve-cevre-dostu-bir-gelecek-elektrikli-sarj-istasyonlarinin-onemi\/\" class=\"cms-readmore btn btn-sm btn-outline btn-grey text-primary btn-hover-fill btn-hover-primary text-hover-white w-100\">\n                                        <span class=\"cms-btn-content justify-content-center\">\n                                            <span class=\"cms-btn-text\">Devam\u0131n\u0131 Oku<\/span>\n                                            <span class=\"cms-btn-icon\"><span class=\"cmsi-arrow-circle-right text-22\"><\/span><\/span>\n                                        <\/span>\n                                    <\/a>\n                                <\/div>\n                                                    <\/div>\n                    <\/div>\n                            <\/div>\n                <div class=\"cms-grid-overlay\"><\/div>\r\n    <\/div>\r\n                    <div class=\"cms-post-pagination cms-grid-pagination empty-none mt-40\" data-loadmore=\"{&quot;element_name&quot;:&quot;cms_post_grid&quot;,&quot;post_type&quot;:&quot;post&quot;,&quot;layout&quot;:&quot;1&quot;,&quot;startPage&quot;:1,&quot;maxPages&quot;:2,&quot;total&quot;:4,&quot;nextLink&quot;:&quot;https:\\\/\\\/d-rectcharge.com\\\/en\\\/wp-json\\\/wp\\\/v2\\\/pages\\\/66\\\/page\\\/2\\\/&quot;,&quot;source&quot;:&quot;&quot;,&quot;orderby&quot;:&quot;date&quot;,&quot;order&quot;:&quot;desc&quot;,&quot;limit&quot;:3,&quot;perpage&quot;:3,&quot;pagination_type&quot;:&quot;pagination&quot;,&quot;masonry_mode&quot;:&quot;fitRows&quot;,&quot;col_xl&quot;:&quot;3&quot;,&quot;col_lg&quot;:&quot;3&quot;,&quot;col_md&quot;:&quot;2&quot;,&quot;col_sm&quot;:&quot;1&quot;,&quot;gap&quot;:40,&quot;gap_extra&quot;:&quot;&quot;,&quot;grid&quot;:true,&quot;thumbnail_size&quot;:&quot;large&quot;,&quot;thumbnail_custom_dimension&quot;:{&quot;width&quot;:&quot;&quot;,&quot;height&quot;:&quot;&quot;},&quot;excerpt_lenght&quot;:172,&quot;excerpt_more_text&quot;:&quot;...&quot;,&quot;readmore_text&quot;:&quot;Devam\\u0131n\\u0131 Oku&quot;}\" data-query=\"{&quot;post_type&quot;:&quot;post&quot;,&quot;post_status&quot;:&quot;publish&quot;,&quot;posts_per_page&quot;:3,&quot;order&quot;:&quot;desc&quot;,&quot;orderby&quot;:&quot;date&quot;,&quot;tax_query&quot;:{&quot;relation&quot;:&quot;OR&quot;},&quot;post__not_in&quot;:[66]}\">    <nav class=\"navigation posts-pagination ajax\">\n        <span aria-current=\"page\" class=\"page-numbers current\">1<\/span>\n<a class=\"page-numbers\" href=\"#2\">2<\/a>\n<a class=\"next page-numbers\" href=\"#2\"><span class=\"nav-next-icon\"><\/span><\/a>    <\/nav>\n    <\/div>\r\n        <\/div>\r\n\t\t<\/div>\n\t\t\t\t<\/div>\n\t\t            <\/div>\r\n        <\/div>\r\n        \t\t\t<\/div>\r\n\t\t<\/div>\r\n\t\t\t\t<\/div>\n\t\t","protected":false},"excerpt":{"rendered":"<p>ycadmin T\u00fcrkiye&#8217;deki Elektrikli \u015earj \u0130stasyonlar\u0131 Haritas\u0131: AC ve DC \u015earj \u0130stasyonlar\u0131 Hakk\u0131nda Bilmeniz Gereken Her \u015eey Elektrikli Ara\u00e7lar, Market, S\u00fcrd\u00fcr\u00fclebilirlik Elektrikli ara\u00e7lar (EV&#8217;ler) d\u00fcnya genelinde h\u0131zla pop\u00fclerlik kazan\u0131yor ve T\u00fcrkiye de bu trendin bir par\u00e7as\u0131. S\u00fcrd\u00fcr\u00fclebilir ula\u015f\u0131m \u00e7\u00f6z\u00fcmlerine olan ihtiya\u00e7&#8230; Devam\u0131n\u0131 Oku zaferkilic Elektrikli Ara\u00e7lar \u0130\u00e7in \u015earj \u0130stasyonlar\u0131: AC ve DC \u015earjlar\u0131n\u0131n Fark\u0131 Elektrikli Ara\u00e7lar, Market, S\u00fcrd\u00fcr\u00fclebilirlik Elektrikli ara\u00e7lar\u0131n yayg\u0131nla\u015fmas\u0131yla birlikte, \u015farj altyap\u0131s\u0131 da h\u0131zla geli\u015fmektedir. Ancak, bir\u00e7ok kullan\u0131c\u0131 i\u00e7in AC ve DC \u015farjlar\u0131 aras\u0131ndaki fark belir&#8230; Devam\u0131n\u0131 Oku ycadmin Elektrikli Ara\u00e7lar\u0131n Y\u00fckseli\u015fi ve \u00c7evre Dostu Bir Gelecek: Elektrikli \u015earj \u0130stasyonlar\u0131n\u0131n \u00d6nemi Elektrikli Ara\u00e7lar, S\u00fcrd\u00fcr\u00fclebilirlik G\u00fcn\u00fcm\u00fczde, \u00e7evre bilinci giderek \u00f6nem kazan\u0131rken, elektrikli ara\u00e7lar \u00e7evre dostu bir alternatif olarak \u00f6ne \u00e7\u0131k\u0131yor. Bu geli\u015fim, elektrikli ara\u00e7lar\u0131n s\u00fcr\u00fc\u015f&#8230; Devam\u0131n\u0131 Oku 1 2<\/p>","protected":false},"author":1,"featured_media":0,"parent":0,"menu_order":20,"comment_status":"closed","ping_status":"closed","template":"","meta":{"footnotes":""},"class_list":["post-66","page","type-page","status-publish","hentry","cms-no-post-thumbnail"],"_links":{"self":[{"href":"https:\/\/d-rectcharge.com\/en\/wp-json\/wp\/v2\/pages\/66","targetHints":{"allow":["GET"]}}],"collection":[{"href":"https:\/\/d-rectcharge.com\/en\/wp-json\/wp\/v2\/pages"}],"about":[{"href":"https:\/\/d-rectcharge.com\/en\/wp-json\/wp\/v2\/types\/page"}],"author":[{"embeddable":true,"href":"https:\/\/d-rectcharge.com\/en\/wp-json\/wp\/v2\/users\/1"}],"replies":[{"embeddable":true,"href":"https:\/\/d-rectcharge.com\/en\/wp-json\/wp\/v2\/comments?post=66"}],"version-history":[{"count":0,"href":"https:\/\/d-rectcharge.com\/en\/wp-json\/wp\/v2\/pages\/66\/revisions"}],"wp:attachment":[{"href":"https:\/\/d-rectcharge.com\/en\/wp-json\/wp\/v2\/media?parent=66"}],"curies":[{"name":"wp","href":"https:\/\/api.w.org\/{rel}","templated":true}]}}