{"id":58,"date":"2022-07-23T09:22:57","date_gmt":"2022-07-23T09:22:57","guid":{"rendered":"https:\/\/demo.cmssuperheroes.com\/themeforest\/charg\/?page_id=58"},"modified":"2025-04-21T15:26:03","modified_gmt":"2025-04-21T15:26:03","slug":"iletisim","status":"publish","type":"page","link":"https:\/\/d-rectcharge.com\/en\/iletisim\/","title":{"rendered":"Contact Us"},"content":{"rendered":"\t\t<div data-elementor-type=\"wp-page\" data-elementor-id=\"58\" class=\"elementor elementor-58\">\n\t\t\t\t        <div class=\"elementor-section elementor-top-section elementor-element elementor-element-aaff9f5 elementor-section-full_width elementor-section-height-default elementor-section-height-default cms-remove-container-max-width-no cms-remove-row-no cms-full-content-with-space-none cms-boxed-bg-false cms-section-boxed-divider-false cms-overlay-gradient-bg-yes cms-overlay-gradient-mode-tb\" data-id=\"aaff9f5\" data-element_type=\"section\">\r\n\t\t<div class=\"cms-overlay-gradient\"><\/div><div class=\"cms-section-boxed-bg\"><\/div><div class=\"cms-section-boxed-divider\"><\/div><div class=\"cms-elementor-section-remove\"><\/div><div class=\"cms-elementor-section-corner cms-elementor-section-corner-top\"><\/div><div class=\"cms-elementor-section-corner cms-elementor-section-corner-bottom\"><\/div>        <div class=\"elementor-container elementor-column-gap-no \" >\r\n\t\t        <div class=\"elementor-column elementor-col-100 elementor-top-column elementor-element elementor-element-b51a54f\" data-id=\"b51a54f\" data-element_type=\"column\">\r\n            <div class=\"elementor-widget-wrap elementor-element-populated\">\r\n                \t\t<div class=\"elementor-element elementor-element-12fa44f cms-accordion cms-accordion-layout-1 elementor-widget elementor-widget-cms_map\" data-id=\"12fa44f\" data-element_type=\"widget\" data-widget_type=\"cms_map.default\">\n\t\t\t\t<div class=\"elementor-widget-container\">\n\t\t\t<div class=\"cms-maps-layout-2 cms-map-wrapper relative cms-map-height d-flex align-items-center text-start\">\r\n            <iframe frameborder=\"0\" scrolling=\"no\" marginheight=\"0\" marginwidth=\"0\"\r\n            src=\"https:\/\/maps.google.com\/maps?q=BA%C5%9EPINAR%28ORGAN%C4%B0ZE%29OSB%20MAH.%20O.S.B.%202.B%C3%96LGE%2083225%20NOLU%20CAD.%20NO%3A%209%20%C5%9EEH%C4%B0TKAM%C4%B0L%2F%20GAZ%C4%B0ANTEP&#038;t=m&#038;z=14&#038;output=embed&#038;iwloc=near\"\r\n            title=\"BA\u015ePINAR(ORGAN\u0130ZE)OSB MAH. O.S.B. 2.B\u00d6LGE 83225 NOLU CAD. NO: 9 \u015eEH\u0130TKAM\u0130L\/ GAZ\u0130ANTEP\"\r\n            aria-label=\"BA\u015ePINAR(ORGAN\u0130ZE)OSB MAH. O.S.B. 2.B\u00d6LGE 83225 NOLU CAD. NO: 9 \u015eEH\u0130TKAM\u0130L\/ GAZ\u0130ANTEP\"\r\n            class=\"cms-map-iframe cms-map-height absolute w-100\"\r\n        ><\/iframe>    \r\n        <div class=\"map-container relative z-top\">\r\n        <a href=\"https:\/\/maps.google.com\/maps?q=BA%C5%9EPINAR%28ORGAN%C4%B0ZE%29OSB%20MAH.%20O.S.B.%202.B%C3%96LGE%2083225%20NOLU%20CAD.%20NO%3A%209%20%C5%9EEH%C4%B0TKAM%C4%B0L%2F%20GAZ%C4%B0ANTEP&#038;t=m&#038;z=14&#038;iwloc=near\" target=\"_self\" class=\"cms-overlay\" rel=\"nofollow noopener\"><\/a>\r\n        <div id=\"cms_map-12fa44f\" class=\"cms-accordion cms-shadow-1 bg-white cms-radius-tr-32 overflow-hidden relative z-top\">\r\n                            <div class=\"cms-heading text-white text-19 bg-accent p-lr-40 p-tb-35\">\r\n                    Ofislerimiz                <\/div>\r\n                                                <div class=\"cms-accordion-item cms-transition active\" data-target=\"#dee68c2\">\r\n                        <div class=\"cms-ac-title text-heading row gutters-20 justify-content-between\">\r\n                            <span class=\"cms-ac-title-icon col-auto order-last\">\r\n                                <i aria-hidden=\"true\" class=\"cms-ac-title--icon cms-ac-title-icon-close rtl-flip cmsi-plus\"><\/i><i aria-hidden=\"true\" class=\"cms-ac-title--icon cms-ac-title-icon-open rtl-flip cmsi-minus\"><\/i>                                                            <\/span>\r\n                            <a class=\"cms-ac-title-text text-primary text-17 font-700 col\">Gaziantep Merkez Ofis<\/a>\r\n                        <\/div>\r\n                        <div id=\"dee68c2\" class=\"cms-ac-content\" style=\"display:block;\">Telefon: +90 850 308 96 96<br \/>\n<br \/>\nE-mail: info@d-rectcharge.com<br \/>\n<br \/>\nAdres: BA\u015ePINAR(ORGAN\u0130ZE)OSB MAH. O.S.B. 2.B\u00d6LGE 83225 NOLU CAD. NO: 9 \u015eEH\u0130TKAM\u0130L\/ GAZ\u0130ANTEP<\/div>\r\n                    <\/div>\r\n                                    <div class=\"cms-accordion-item cms-transition \" data-target=\"#eb8f5ea\">\r\n                        <div class=\"cms-ac-title text-heading row gutters-20 justify-content-between\">\r\n                            <span class=\"cms-ac-title-icon col-auto order-last\">\r\n                                <i aria-hidden=\"true\" class=\"cms-ac-title--icon cms-ac-title-icon-close rtl-flip cmsi-plus\"><\/i><i aria-hidden=\"true\" class=\"cms-ac-title--icon cms-ac-title-icon-open rtl-flip cmsi-minus\"><\/i>                                                            <\/span>\r\n                            <a class=\"cms-ac-title-text text-primary text-17 font-700 col\">\u0130stanbul Ofis<\/a>\r\n                        <\/div>\r\n                        <div id=\"eb8f5ea\" class=\"cms-ac-content\">Telefon: +90 850 308 96 96<br \/>\n<br \/>\nE-mail: info@d-rectcharge.com<br \/>\n<br \/>\nAdres: MASLAK MAH. MASLAK MEYDAN SK. BEYB\u0130 G\u0130Z PLAZA NO:1 KAT: 15 D.NO:55 PK:34398 SARIYER \/ \u0130STANBUL T\u00dcRK\u0130YE<\/div>\r\n                    <\/div>\r\n                        <\/div>\r\n    <\/div>\r\n<\/div>\t\t<\/div>\n\t\t\t\t<\/div>\n\t\t            <\/div>\r\n        <\/div>\r\n        \t\t\t<\/div>\r\n\t\t<\/div>\r\n\t\t        <div class=\"elementor-section elementor-top-section elementor-element elementor-element-4829e9a4 p-tb-40 pt-lg-110 pb-lg-90 elementor-section-boxed elementor-section-height-default elementor-section-height-default cms-remove-container-max-width-no cms-remove-row-no cms-boxed-bg-false cms-section-boxed-divider-false cms-overlay-gradient-bg-yes cms-overlay-gradient-mode-tb\" data-id=\"4829e9a4\" data-element_type=\"section\">\r\n\t\t<div class=\"cms-overlay-gradient\"><\/div><div class=\"cms-section-boxed-bg\"><\/div><div class=\"cms-section-boxed-divider\"><\/div><div class=\"cms-elementor-section-remove\"><\/div><div class=\"cms-elementor-section-corner cms-elementor-section-corner-top\"><\/div><div class=\"cms-elementor-section-corner cms-elementor-section-corner-bottom\"><\/div>        <div class=\"elementor-container elementor-column-gap-default \" >\r\n\t\t        <div class=\"elementor-column elementor-col-50 elementor-top-column elementor-element elementor-element-7a967fb5\" data-id=\"7a967fb5\" data-element_type=\"column\">\r\n            <div class=\"elementor-widget-wrap elementor-element-populated\">\r\n                \t\t<div class=\"elementor-element elementor-element-171d6cde elementor-widget elementor-widget-heading\" data-id=\"171d6cde\" data-element_type=\"widget\" data-widget_type=\"heading.default\">\n\t\t\t\t<div class=\"elementor-widget-container\">\n\t\t\t<style>\/*! elementor - v3.23.0 - 05-08-2024 *\/\n.elementor-heading-title{padding:0;margin:0;line-height:1}.elementor-widget-heading .elementor-heading-title[class*=elementor-size-]>a{color:inherit;font-size:inherit;line-height:inherit}.elementor-widget-heading .elementor-heading-title.elementor-size-small{font-size:15px}.elementor-widget-heading .elementor-heading-title.elementor-size-medium{font-size:19px}.elementor-widget-heading .elementor-heading-title.elementor-size-large{font-size:29px}.elementor-widget-heading .elementor-heading-title.elementor-size-xl{font-size:39px}.elementor-widget-heading .elementor-heading-title.elementor-size-xxl{font-size:59px}<\/style><h2 class=\"elementor-heading-title elementor-size-default\">\u0130leti\u015fim Formu<\/h2>\t\t<\/div>\n\t\t\t\t<\/div>\n\t\t\t\t<div class=\"elementor-element elementor-element-ede50be elementor-widget elementor-widget-shortcode\" data-id=\"ede50be\" data-element_type=\"widget\" data-widget_type=\"shortcode.default\">\n\t\t\t\t<div class=\"elementor-widget-container\">\n\t\t\t\t\t<div class=\"elementor-shortcode\"><script>\nvar gform;gform||(document.addEventListener(\"gform_main_scripts_loaded\",function(){gform.scriptsLoaded=!0}),document.addEventListener(\"gform\/theme\/scripts_loaded\",function(){gform.themeScriptsLoaded=!0}),window.addEventListener(\"DOMContentLoaded\",function(){gform.domLoaded=!0}),gform={domLoaded:!1,scriptsLoaded:!1,themeScriptsLoaded:!1,isFormEditor:()=>\"function\"==typeof InitializeEditor,callIfLoaded:function(o){return!(!gform.domLoaded||!gform.scriptsLoaded||!gform.themeScriptsLoaded&&!gform.isFormEditor()||(gform.isFormEditor()&&console.warn(\"The use of gform.initializeOnLoaded() is deprecated in the form editor context and will be removed in Gravity Forms 3.1.\"),o(),0))},initializeOnLoaded:function(o){gform.callIfLoaded(o)||(document.addEventListener(\"gform_main_scripts_loaded\",()=>{gform.scriptsLoaded=!0,gform.callIfLoaded(o)}),document.addEventListener(\"gform\/theme\/scripts_loaded\",()=>{gform.themeScriptsLoaded=!0,gform.callIfLoaded(o)}),window.addEventListener(\"DOMContentLoaded\",()=>{gform.domLoaded=!0,gform.callIfLoaded(o)}))},hooks:{action:{},filter:{}},addAction:function(o,r,e,t){gform.addHook(\"action\",o,r,e,t)},addFilter:function(o,r,e,t){gform.addHook(\"filter\",o,r,e,t)},doAction:function(o){gform.doHook(\"action\",o,arguments)},applyFilters:function(o){return gform.doHook(\"filter\",o,arguments)},removeAction:function(o,r){gform.removeHook(\"action\",o,r)},removeFilter:function(o,r,e){gform.removeHook(\"filter\",o,r,e)},addHook:function(o,r,e,t,n){null==gform.hooks[o][r]&&(gform.hooks[o][r]=[]);var d=gform.hooks[o][r];null==n&&(n=r+\"_\"+d.length),gform.hooks[o][r].push({tag:n,callable:e,priority:t=null==t?10:t})},doHook:function(r,o,e){var t;if(e=Array.prototype.slice.call(e,1),null!=gform.hooks[r][o]&&((o=gform.hooks[r][o]).sort(function(o,r){return o.priority-r.priority}),o.forEach(function(o){\"function\"!=typeof(t=o.callable)&&(t=window[t]),\"action\"==r?t.apply(null,e):e[0]=t.apply(null,e)})),\"filter\"==r)return e[0]},removeHook:function(o,r,t,n){var e;null!=gform.hooks[o][r]&&(e=(e=gform.hooks[o][r]).filter(function(o,r,e){return!!(null!=n&&n!=o.tag||null!=t&&t!=o.priority)}),gform.hooks[o][r]=e)}});\n<\/script>\n\n                <div class='gf_browser_gecko gform_wrapper gravity-theme gform-theme--no-framework' data-form-theme='gravity-theme' data-form-index='0' id='gform_wrapper_1' ><div id='gf_1' class='gform_anchor' tabindex='-1'><\/div>\n                        <div class='gform_heading'>\n                            <p class='gform_description'><\/p>\n                        <\/div><form method='post' enctype='multipart\/form-data' target='gform_ajax_frame_1' id='gform_1'  action='\/en\/wp-json\/wp\/v2\/pages\/58#gf_1' data-formid='1' novalidate> \r\n <input type='hidden' class='gforms-pum' value='{\"closepopup\":false,\"closedelay\":0,\"openpopup\":false,\"openpopup_id\":0}' \/>\n                        <div class='gform-body gform_body'><div id='gform_fields_1' class='gform_fields top_label form_sublabel_below description_below validation_below'><div id=\"field_1_7\" class=\"gfield gfield--type-text gfield--input-type-text gfield--width-third gfield_contains_required field_sublabel_below gfield--no-description field_description_below hidden_label field_validation_below gfield_visibility_visible\"  data-js-reload=\"field_1_7\" ><label class='gfield_label gform-field-label' for='input_1_7'>Ad Soyad<span class=\"gfield_required\"><span class=\"gfield_required gfield_required_text\">(Required)<\/span><\/span><\/label><div class='ginput_container ginput_container_text'><input name='input_7' id='input_1_7' type='text' value='' class='large'    placeholder='Ad Soyad' aria-required=\"true\" aria-invalid=\"false\"   \/><\/div><\/div><div id=\"field_1_3\" class=\"gfield gfield--type-email gfield--input-type-email gfield--width-third gfield_contains_required field_sublabel_below gfield--no-description field_description_below hidden_label field_validation_below gfield_visibility_visible\"  data-js-reload=\"field_1_3\" ><label class='gfield_label gform-field-label' for='input_1_3'>Email<span class=\"gfield_required\"><span class=\"gfield_required gfield_required_text\">(Required)<\/span><\/span><\/label><div class='ginput_container ginput_container_email'>\n                            <input name='input_3' id='input_1_3' type='email' value='' class='large'   placeholder='E-Posta' aria-required=\"true\" aria-invalid=\"false\"  \/>\n                        <\/div><\/div><div id=\"field_1_4\" class=\"gfield gfield--type-phone gfield--input-type-phone gfield--width-third gfield_contains_required field_sublabel_below gfield--no-description field_description_below hidden_label field_validation_below gfield_visibility_visible\"  data-js-reload=\"field_1_4\" ><label class='gfield_label gform-field-label' for='input_1_4'>Telefon<span class=\"gfield_required\"><span class=\"gfield_required gfield_required_text\">(Required)<\/span><\/span><\/label><div class='ginput_container ginput_container_phone'><input name='input_4' id='input_1_4' type='tel' value='' class='large'  placeholder='Telefon Numaras\u0131' aria-required=\"true\" aria-invalid=\"false\"   \/><\/div><\/div><div id=\"field_1_6\" class=\"gfield gfield--type-textarea gfield--input-type-textarea gfield--width-full gfield_contains_required field_sublabel_below gfield--no-description field_description_below hidden_label field_validation_below gfield_visibility_visible\"  data-js-reload=\"field_1_6\" ><label class='gfield_label gform-field-label screen-reader-text' for='input_1_6'>Mesaj<span class=\"gfield_required\"><span class=\"gfield_required gfield_required_text\">(Required)<\/span><\/span><\/label><div class='ginput_container ginput_container_textarea'><textarea name='input_6' id='input_1_6' class='textarea large'    placeholder='Mesaj' aria-required=\"true\" aria-invalid=\"false\"   rows='10' cols='50'><\/textarea><\/div><\/div><div id=\"field_1_8\" class=\"gfield gfield--type-captcha gfield--input-type-captcha gfield--width-full field_sublabel_below gfield--no-description field_description_below field_validation_below gfield_visibility_visible\"  data-js-reload=\"field_1_8\" ><label class='gfield_label gform-field-label screen-reader-text' for='input_1_8'><\/label><div id='input_1_8' class='ginput_container ginput_recaptcha' data-sitekey='6Lcz1hoqAAAAANNIRErzvQRmwVRycZ827HbnhBKD'  data-theme='light' data-tabindex='-1' data-size='invisible' data-badge='bottomright'><\/div><\/div><\/div><\/div>\n        <div class='gform-footer gform_footer top_label'> <input type='submit' id='gform_submit_button_1' class='gform_button button' onclick='gform.submission.handleButtonClick(this);' data-submission-type='submit' value='G\u00f6nder'  \/> <input type='hidden' name='gform_ajax' value='form_id=1&amp;title=&amp;description=1&amp;tabindex=0&amp;theme=gravity-theme&amp;styles=[]&amp;hash=2de946fb1ca55d36cada72e4bdc9089e' \/>\n            <input type='hidden' class='gform_hidden' name='gform_submission_method' data-js='gform_submission_method_1' value='iframe' \/>\n            <input type='hidden' class='gform_hidden' name='gform_theme' data-js='gform_theme_1' id='gform_theme_1' value='gravity-theme' \/>\n            <input type='hidden' class='gform_hidden' name='gform_style_settings' data-js='gform_style_settings_1' id='gform_style_settings_1' value='[]' \/>\n            <input type='hidden' class='gform_hidden' name='is_submit_1' value='1' \/>\n            <input type='hidden' class='gform_hidden' name='gform_submit' value='1' \/>\n            \n            <input type='hidden' class='gform_hidden' name='gform_unique_id' value='' \/>\n            <input type='hidden' class='gform_hidden' name='state_1' value='WyJbXSIsIjYzNTNhYThjMDRlZDFmMTUyYmU5MDcxY2VlYzYzOTM3Il0=' \/>\n            <input type='hidden' autocomplete='off' class='gform_hidden' name='gform_target_page_number_1' id='gform_target_page_number_1' value='0' \/>\n            <input type='hidden' autocomplete='off' class='gform_hidden' name='gform_source_page_number_1' id='gform_source_page_number_1' value='1' \/>\n            <input type='hidden' name='gform_field_values' value='' \/>\n            \n        <\/div>\n                        <\/form>\n                        <\/div>\n\t\t                <iframe style='display:none;width:0px;height:0px;' src='about:blank' name='gform_ajax_frame_1' id='gform_ajax_frame_1' title='This iframe contains the logic required to handle Ajax powered Gravity Forms.'><\/iframe>\n\t\t                <script>\ngform.initializeOnLoaded( function() {gformInitSpinner( 1, 'https:\/\/d-rectcharge.com\/wp-content\/plugins\/gravityforms\/images\/spinner.svg', true );jQuery('#gform_ajax_frame_1').on('load',function(){var contents = jQuery(this).contents().find('*').html();var is_postback = contents.indexOf('GF_AJAX_POSTBACK') >= 0;if(!is_postback){return;}var form_content = jQuery(this).contents().find('#gform_wrapper_1');var is_confirmation = jQuery(this).contents().find('#gform_confirmation_wrapper_1').length > 0;var is_redirect = contents.indexOf('gformRedirect(){') >= 0;var is_form = form_content.length > 0 && ! is_redirect && ! is_confirmation;var mt = parseInt(jQuery('html').css('margin-top'), 10) + parseInt(jQuery('body').css('margin-top'), 10) + 100;if(is_form){jQuery('#gform_wrapper_1').html(form_content.html());if(form_content.hasClass('gform_validation_error')){jQuery('#gform_wrapper_1').addClass('gform_validation_error');} else {jQuery('#gform_wrapper_1').removeClass('gform_validation_error');}setTimeout( function() { \/* delay the scroll by 50 milliseconds to fix a bug in chrome *\/ jQuery(document).scrollTop(jQuery('#gform_wrapper_1').offset().top - mt); }, 50 );if(window['gformInitDatepicker']) {gformInitDatepicker();}if(window['gformInitPriceFields']) {gformInitPriceFields();}var current_page = jQuery('#gform_source_page_number_1').val();gformInitSpinner( 1, 'https:\/\/d-rectcharge.com\/wp-content\/plugins\/gravityforms\/images\/spinner.svg', true );jQuery(document).trigger('gform_page_loaded', [1, current_page]);window['gf_submitting_1'] = false;}else if(!is_redirect){var confirmation_content = jQuery(this).contents().find('.GF_AJAX_POSTBACK').html();if(!confirmation_content){confirmation_content = contents;}jQuery('#gform_wrapper_1').replaceWith(confirmation_content);jQuery(document).scrollTop(jQuery('#gf_1').offset().top - mt);jQuery(document).trigger('gform_confirmation_loaded', [1]);window['gf_submitting_1'] = false;wp.a11y.speak(jQuery('#gform_confirmation_message_1').text());}else{jQuery('#gform_1').append(contents);if(window['gformRedirect']) {gformRedirect();}}jQuery(document).trigger(\"gform_pre_post_render\", [{ formId: \"1\", currentPage: \"current_page\", abort: function() { this.preventDefault(); } }]);                if (event && event.defaultPrevented) {                return;         }        const gformWrapperDiv = document.getElementById( \"gform_wrapper_1\" );        if ( gformWrapperDiv ) {            const visibilitySpan = document.createElement( \"span\" );            visibilitySpan.id = \"gform_visibility_test_1\";            gformWrapperDiv.insertAdjacentElement( \"afterend\", visibilitySpan );        }        const visibilityTestDiv = document.getElementById( \"gform_visibility_test_1\" );        let postRenderFired = false;                function triggerPostRender() {            if ( postRenderFired ) {                return;            }            postRenderFired = true;            gform.core.triggerPostRenderEvents( 1, current_page );            if ( visibilityTestDiv ) {                visibilityTestDiv.parentNode.removeChild( visibilityTestDiv );            }        }        function debounce( func, wait, immediate ) {            var timeout;            return function() {                var context = this, args = arguments;                var later = function() {                    timeout = null;                    if ( !immediate ) func.apply( context, args );                };                var callNow = immediate && !timeout;                clearTimeout( timeout );                timeout = setTimeout( later, wait );                if ( callNow ) func.apply( context, args );            };        }        const debouncedTriggerPostRender = debounce( function() {            triggerPostRender();        }, 200 );        if ( visibilityTestDiv && visibilityTestDiv.offsetParent === null ) {            const observer = new MutationObserver( ( mutations ) => {                mutations.forEach( ( mutation ) => {                    if ( mutation.type === 'attributes' && visibilityTestDiv.offsetParent !== null ) {                        debouncedTriggerPostRender();                        observer.disconnect();                    }                });            });            observer.observe( document.body, {                attributes: true,                childList: false,                subtree: true,                attributeFilter: [ 'style', 'class' ],            });        } else {            triggerPostRender();        }    } );} );\n<\/script>\n<\/div>\n\t\t\t\t<\/div>\n\t\t\t\t<\/div>\n\t\t            <\/div>\r\n        <\/div>\r\n                <div class=\"elementor-column elementor-col-50 elementor-top-column elementor-element elementor-element-39d89720\" data-id=\"39d89720\" data-element_type=\"column\">\r\n            <div class=\"elementor-widget-wrap elementor-element-populated\">\r\n                \t\t<div class=\"elementor-element elementor-element-7e9fa9ff elementor-widget elementor-widget-text-editor\" data-id=\"7e9fa9ff\" data-element_type=\"widget\" data-widget_type=\"text-editor.default\">\n\t\t\t\t<div class=\"elementor-widget-container\">\n\t\t\t<style>\/*! elementor - v3.23.0 - 05-08-2024 *\/\n.elementor-widget-text-editor.elementor-drop-cap-view-stacked .elementor-drop-cap{background-color:#69727d;color:#fff}.elementor-widget-text-editor.elementor-drop-cap-view-framed .elementor-drop-cap{color:#69727d;border:3px solid;background-color:transparent}.elementor-widget-text-editor:not(.elementor-drop-cap-view-default) .elementor-drop-cap{margin-top:8px}.elementor-widget-text-editor:not(.elementor-drop-cap-view-default) .elementor-drop-cap-letter{width:1em;height:1em}.elementor-widget-text-editor .elementor-drop-cap{float:left;text-align:center;line-height:1;font-size:50px}.elementor-widget-text-editor .elementor-drop-cap-letter{display:inline-block}<\/style>\t\t\t\t<h4>Elektrikli \u015farj istasyonu kurmak i\u00e7in bug\u00fcn bizimle ileti\u015fime ge\u00e7in.<\/h4><p>Tek yapman\u0131z gereken formu doldurmak. \u0130ki \u00e7e\u015fit i\u015f orta\u011f\u0131m\u0131z olabilirsiniz:<\/p><p><b data-stringify-type=\"bold\">Lokasyonunuza Elektrikli \u015earj \u0130stasyonu Kurulumu:<\/b>\u00a0E\u011fer bir lokasyona sahipseniz, bu lokasyona AC \u015farj istasyonu kurmak veya DC \u015farj istasyonu kurmak i\u00e7in bize ba\u015fvurabilirsiniz.<\/p><p><b data-stringify-type=\"bold\">Elektrikli \u015earj Cihaz\u0131 Sat\u0131n Al\u0131m\u0131:<\/b>\u00a0Elektrikli \u015farj istasyonu kurmak i\u00e7in gerekli cihazlar\u0131 sat\u0131n alabilirsiniz. AC \u015farj istasyonu kurmak veya DC \u015farj istasyonu kurmak i\u00e7in gerekli t\u00fcm ekipman\u0131 sa\u011fl\u0131yoruz.<\/p><p>Her iki se\u00e7enek de elektrikli ara\u00e7 sahiplerine \u015farj hizmeti sunman\u0131za olanak tan\u0131r. Detaylar i\u00e7in formu doldurarak bize ula\u015fabilirsiniz. Elektrikli \u015farj istasyonu kurmak i\u00e7in en iyi \u00e7\u00f6z\u00fcmleri sunarak, gelece\u011fin enerji d\u00fcnyas\u0131nda yerinizi alman\u0131za yard\u0131mc\u0131 oluyoruz.<\/p>\t\t\t\t\t\t<\/div>\n\t\t\t\t<\/div>\n\t\t            <\/div>\r\n        <\/div>\r\n        \t\t\t<\/div>\r\n\t\t<\/div>\r\n\t\t\t\t<\/div>\n\t\t","protected":false},"excerpt":{"rendered":"<p>Ofislerimiz Gaziantep Merkez Ofis Telefon: +90 850 308 96 96 E-mail: info@d-rectcharge.com Adres: BA\u015ePINAR(ORGAN\u0130ZE)OSB MAH. O.S.B. 2.B\u00d6LGE 83225 NOLU CAD. NO: 9 \u015eEH\u0130TKAM\u0130L\/ GAZ\u0130ANTEP \u0130stanbul Ofis Telefon: +90 850 308 96 96 E-mail: info@d-rectcharge.com Adres: MASLAK MAH. MASLAK MEYDAN SK. BEYB\u0130 G\u0130Z PLAZA NO:1 KAT: 15 D.NO:55 PK:34398 SARIYER \/ \u0130STANBUL T\u00dcRK\u0130YE \u0130leti\u015fim Formu Elektrikli \u015farj istasyonu kurmak i\u00e7in bug\u00fcn bizimle ileti\u015fime ge\u00e7in. Tek yapman\u0131z gereken formu doldurmak. \u0130ki \u00e7e\u015fit i\u015f orta\u011f\u0131m\u0131z olabilirsiniz: Lokasyonunuza Elektrikli \u015earj \u0130stasyonu Kurulumu:\u00a0E\u011fer bir lokasyona sahipseniz, bu lokasyona AC \u015farj istasyonu kurmak veya DC \u015farj istasyonu kurmak i\u00e7in bize ba\u015fvurabilirsiniz. Elektrikli \u015earj Cihaz\u0131 Sat\u0131n Al\u0131m\u0131:\u00a0Elektrikli \u015farj istasyonu kurmak i\u00e7in gerekli cihazlar\u0131 sat\u0131n alabilirsiniz. AC \u015farj istasyonu kurmak veya DC \u015farj istasyonu kurmak i\u00e7in gerekli t\u00fcm ekipman\u0131 sa\u011fl\u0131yoruz. Her iki se\u00e7enek de elektrikli ara\u00e7 sahiplerine \u015farj hizmeti sunman\u0131za olanak tan\u0131r. Detaylar i\u00e7in formu doldurarak bize ula\u015fabilirsiniz. Elektrikli \u015farj istasyonu kurmak i\u00e7in en iyi \u00e7\u00f6z\u00fcmleri sunarak, gelece\u011fin enerji d\u00fcnyas\u0131nda yerinizi alman\u0131za yard\u0131mc\u0131 oluyoruz.<\/p>","protected":false},"author":1,"featured_media":0,"parent":0,"menu_order":14,"comment_status":"closed","ping_status":"closed","template":"","meta":{"footnotes":""},"class_list":["post-58","page","type-page","status-publish","hentry","cms-no-post-thumbnail"],"_links":{"self":[{"href":"https:\/\/d-rectcharge.com\/en\/wp-json\/wp\/v2\/pages\/58","targetHints":{"allow":["GET"]}}],"collection":[{"href":"https:\/\/d-rectcharge.com\/en\/wp-json\/wp\/v2\/pages"}],"about":[{"href":"https:\/\/d-rectcharge.com\/en\/wp-json\/wp\/v2\/types\/page"}],"author":[{"embeddable":true,"href":"https:\/\/d-rectcharge.com\/en\/wp-json\/wp\/v2\/users\/1"}],"replies":[{"embeddable":true,"href":"https:\/\/d-rectcharge.com\/en\/wp-json\/wp\/v2\/comments?post=58"}],"version-history":[{"count":9,"href":"https:\/\/d-rectcharge.com\/en\/wp-json\/wp\/v2\/pages\/58\/revisions"}],"predecessor-version":[{"id":6895,"href":"https:\/\/d-rectcharge.com\/en\/wp-json\/wp\/v2\/pages\/58\/revisions\/6895"}],"wp:attachment":[{"href":"https:\/\/d-rectcharge.com\/en\/wp-json\/wp\/v2\/media?parent=58"}],"curies":[{"name":"wp","href":"https:\/\/api.w.org\/{rel}","templated":true}]}}